{"id":2619,"date":"2021-06-07T16:44:43","date_gmt":"2021-06-07T14:44:43","guid":{"rendered":"https:\/\/www.leadershipinstitut.de\/newsletter"},"modified":"2022-05-19T13:07:24","modified_gmt":"2022-05-19T11:07:24","slug":"newsletter","status":"publish","type":"page","link":"https:\/\/www.leadershipinstitut.de\/en\/newsletter","title":{"rendered":"Newsletter"},"content":{"rendered":"\n\t\t\t\n\t\t\t\n\t\t\t<section  class=\"content-section    pt-50-xs pt-60-md pt-100-lg pt-140-xl  no-margin\"    >\n\n\t\t\t\t<div class=\"row  \">\n\n\t\t\t\t\t[vc_column width=&#8221;2\/3&#8243;][vc_column_text]\n<h1 class=\"ff-secondary\">Newsletter-Anmeldung<\/h1>\n[\/vc_column_text][ls_vc_spacer vc_height_rwd=&#8221;height&#8211;50&#8243;][\/vc_column][vc_column width=&#8221;1\/3&#8243;][\/vc_column]\n\t\t\t\t<\/div>\n\n\t\t\t\t\n\t\t\t\t\n\t\t\t\n\t\t\t\n\t\t<\/section>\n\n\t\t\n\t\n\t\t\t\n\t\t\t\n\t\t\t<section  class=\"content-section      no-margin\"    >\n\n\t\t\t\t<div class=\"row  row--column-gap-50\">\n\n\t\t\t\t\t[vc_column width=&#8221;2\/3&#8243;][vc_column_text]\n<p class=\"fz-abstract\">Wir freuen uns \u00fcber Ihr Interesse an unserem Newsletter. Unser Newsletter ist ein sehr pers\u00f6nliches Angebot an unsere Kunden. Deshalb freuen uns jederzeit auch \u00fcber ein pers\u00f6nliche Kontaktaufnahme von Ihnen.<\/p>\n[\/vc_column_text][ls_vc_spacer vc_height_rwd=&#8221;height&#8211;60&#8243;][ls_vc_newsletter][vc_column_text]\n<p class=\"fz-quote--small size13 lineheight lineheight--normal\">Sie k\u00f6nnen den Newsletter jederzeit im entsprechenden Link im Newsletter oder durch Nachricht an uns abbestellen. Ihre E-Mail-Adresse wird danach aus dem Verteiler gel\u00f6scht.<\/p>\n[\/vc_column_text][ls_vc_spacer vc_height_rwd=&#8221;height&#8211;60&#8243;][\/vc_column][vc_column width=&#8221;1\/3&#8243; vc_sticky_column=&#8221;yes&#8221;][vc_column_text vc_rwd=&#8221;&#8221;][\/vc_column_text][\/vc_column]\n\t\t\t\t<\/div>\n\n\t\t\t\t\n\t\t\t\t\n\t\t\t\n\t\t\t\n\t\t<\/section>\n\n\t\t\n\t\n","protected":false},"excerpt":{"rendered":"[vc_column width=\"2\/3\"][vc_column_text] Newsletter-Anmeldung [\/vc_column_text][ls_vc_spacer vc_height_rwd=\"height--50\"][\/vc_column][vc_column width=\"1\/3\"][\/vc_column] [vc_column width=\"2\/3\"][vc_column_text] Wir freuen uns \u00fcber Ihr Interesse an unserem Newsletter. Unser Newsletter ist ein sehr pers\u00f6nliches Angebot an unsere Kunden. Deshalb freuen uns jederzeit auch \u00fcber ein pers\u00f6nliche Kontaktaufnahme von Ihnen. [\/vc_column_text][ls_vc_spacer vc_height_rwd=\"height--60\"][ls_vc_newsletter][vc_column_text] Sie k\u00f6nnen den Newsletter jederzeit im entsprechenden Link im Newsletter <a class=\"moretag\" href=\"https:\/\/www.leadershipinstitut.de\/en\/newsletter\">read more...<\/a>","protected":false},"author":2,"featured_media":0,"parent":0,"menu_order":62,"comment_status":"closed","ping_status":"closed","template":"","meta":{"_acf_changed":false,"footnotes":""},"class_list":["post-2619","page","type-page","status-publish","hentry"],"acf":[],"yoast_head":"<!-- This site is optimized with the Yoast SEO plugin v27.4 - https:\/\/yoast.com\/product\/yoast-seo-wordpress\/ -->\n<title>Newsletter - Institut f\u00fcr Philosophie und Leadership gGmbH<\/title>\n<meta name=\"robots\" content=\"index, follow, max-snippet:-1, max-image-preview:large, max-video-preview:-1\" \/>\n<link rel=\"canonical\" href=\"https:\/\/www.leadershipinstitut.de\/en\/newsletter\" \/>\n<meta property=\"og:locale\" content=\"en_US\" \/>\n<meta property=\"og:type\" content=\"article\" \/>\n<meta property=\"og:title\" content=\"Newsletter - Institut f\u00fcr Philosophie und Leadership gGmbH\" \/>\n<meta property=\"og:url\" content=\"https:\/\/www.leadershipinstitut.de\/en\/newsletter\" \/>\n<meta property=\"og:site_name\" content=\"Institut f\u00fcr Philosophie und Leadership gGmbH\" \/>\n<meta property=\"article:modified_time\" content=\"2022-05-19T11:07:24+00:00\" \/>\n<meta name=\"twitter:card\" content=\"summary_large_image\" \/>\n<meta name=\"twitter:label1\" content=\"Est. reading time\" \/>\n\t<meta name=\"twitter:data1\" content=\"1 minute\" \/>\n<script type=\"application\/ld+json\" class=\"yoast-schema-graph\">{\"@context\":\"https:\\\/\\\/schema.org\",\"@graph\":[{\"@type\":\"WebPage\",\"@id\":\"https:\\\/\\\/www.leadershipinstitut.de\\\/en\\\/newsletter\",\"url\":\"https:\\\/\\\/www.leadershipinstitut.de\\\/en\\\/newsletter\",\"name\":\"Newsletter - Institut f\u00fcr Philosophie und Leadership gGmbH\",\"isPartOf\":{\"@id\":\"https:\\\/\\\/www.leadershipinstitut.de\\\/#website\"},\"datePublished\":\"2021-06-07T14:44:43+00:00\",\"dateModified\":\"2022-05-19T11:07:24+00:00\",\"breadcrumb\":{\"@id\":\"https:\\\/\\\/www.leadershipinstitut.de\\\/en\\\/newsletter#breadcrumb\"},\"inLanguage\":\"en-US\",\"potentialAction\":[{\"@type\":\"ReadAction\",\"target\":[\"https:\\\/\\\/www.leadershipinstitut.de\\\/en\\\/newsletter\"]}]},{\"@type\":\"BreadcrumbList\",\"@id\":\"https:\\\/\\\/www.leadershipinstitut.de\\\/en\\\/newsletter#breadcrumb\",\"itemListElement\":[{\"@type\":\"ListItem\",\"position\":1,\"name\":\"Startseite\",\"item\":\"https:\\\/\\\/www.leadershipinstitut.de\\\/en\"},{\"@type\":\"ListItem\",\"position\":2,\"name\":\"Newsletter\"}]},{\"@type\":\"WebSite\",\"@id\":\"https:\\\/\\\/www.leadershipinstitut.de\\\/#website\",\"url\":\"https:\\\/\\\/www.leadershipinstitut.de\\\/\",\"name\":\"Institut f\u00fcr Philosophie und Leadership gGmbH\",\"description\":\"\",\"potentialAction\":[{\"@type\":\"SearchAction\",\"target\":{\"@type\":\"EntryPoint\",\"urlTemplate\":\"https:\\\/\\\/www.leadershipinstitut.de\\\/?s={search_term_string}\"},\"query-input\":{\"@type\":\"PropertyValueSpecification\",\"valueRequired\":true,\"valueName\":\"search_term_string\"}}],\"inLanguage\":\"en-US\"}]}<\/script>\n<!-- \/ Yoast SEO plugin. -->","yoast_head_json":{"title":"Newsletter - Institut f\u00fcr Philosophie und Leadership gGmbH","robots":{"index":"index","follow":"follow","max-snippet":"max-snippet:-1","max-image-preview":"max-image-preview:large","max-video-preview":"max-video-preview:-1"},"canonical":"https:\/\/www.leadershipinstitut.de\/en\/newsletter","og_locale":"en_US","og_type":"article","og_title":"Newsletter - Institut f\u00fcr Philosophie und Leadership gGmbH","og_url":"https:\/\/www.leadershipinstitut.de\/en\/newsletter","og_site_name":"Institut f\u00fcr Philosophie und Leadership gGmbH","article_modified_time":"2022-05-19T11:07:24+00:00","twitter_card":"summary_large_image","twitter_misc":{"Est. reading time":"1 minute"},"schema":{"@context":"https:\/\/schema.org","@graph":[{"@type":"WebPage","@id":"https:\/\/www.leadershipinstitut.de\/en\/newsletter","url":"https:\/\/www.leadershipinstitut.de\/en\/newsletter","name":"Newsletter - Institut f\u00fcr Philosophie und Leadership gGmbH","isPartOf":{"@id":"https:\/\/www.leadershipinstitut.de\/#website"},"datePublished":"2021-06-07T14:44:43+00:00","dateModified":"2022-05-19T11:07:24+00:00","breadcrumb":{"@id":"https:\/\/www.leadershipinstitut.de\/en\/newsletter#breadcrumb"},"inLanguage":"en-US","potentialAction":[{"@type":"ReadAction","target":["https:\/\/www.leadershipinstitut.de\/en\/newsletter"]}]},{"@type":"BreadcrumbList","@id":"https:\/\/www.leadershipinstitut.de\/en\/newsletter#breadcrumb","itemListElement":[{"@type":"ListItem","position":1,"name":"Startseite","item":"https:\/\/www.leadershipinstitut.de\/en"},{"@type":"ListItem","position":2,"name":"Newsletter"}]},{"@type":"WebSite","@id":"https:\/\/www.leadershipinstitut.de\/#website","url":"https:\/\/www.leadershipinstitut.de\/","name":"Institut f\u00fcr Philosophie und Leadership gGmbH","description":"","potentialAction":[{"@type":"SearchAction","target":{"@type":"EntryPoint","urlTemplate":"https:\/\/www.leadershipinstitut.de\/?s={search_term_string}"},"query-input":{"@type":"PropertyValueSpecification","valueRequired":true,"valueName":"search_term_string"}}],"inLanguage":"en-US"}]}},"_links":{"self":[{"href":"https:\/\/www.leadershipinstitut.de\/en\/wp-json\/wp\/v2\/pages\/2619","targetHints":{"allow":["GET"]}}],"collection":[{"href":"https:\/\/www.leadershipinstitut.de\/en\/wp-json\/wp\/v2\/pages"}],"about":[{"href":"https:\/\/www.leadershipinstitut.de\/en\/wp-json\/wp\/v2\/types\/page"}],"author":[{"embeddable":true,"href":"https:\/\/www.leadershipinstitut.de\/en\/wp-json\/wp\/v2\/users\/2"}],"replies":[{"embeddable":true,"href":"https:\/\/www.leadershipinstitut.de\/en\/wp-json\/wp\/v2\/comments?post=2619"}],"version-history":[{"count":1,"href":"https:\/\/www.leadershipinstitut.de\/en\/wp-json\/wp\/v2\/pages\/2619\/revisions"}],"predecessor-version":[{"id":2620,"href":"https:\/\/www.leadershipinstitut.de\/en\/wp-json\/wp\/v2\/pages\/2619\/revisions\/2620"}],"wp:attachment":[{"href":"https:\/\/www.leadershipinstitut.de\/en\/wp-json\/wp\/v2\/media?parent=2619"}],"curies":[{"name":"wp","href":"https:\/\/api.w.org\/{rel}","templated":true}]}}